{"id":20,"date":"2023-02-15T09:22:15","date_gmt":"2023-02-15T08:22:15","guid":{"rendered":"https:\/\/www.oldrugbyrovigo.it\/wpsite\/?page_id=20"},"modified":"2023-02-15T09:22:15","modified_gmt":"2023-02-15T08:22:15","slug":"la-nostra-storia","status":"publish","type":"page","link":"https:\/\/www.oldrugbyrovigo.it\/wpsite\/la-nostra-storia\/","title":{"rendered":"La Nostra Storia"},"content":{"rendered":"\n<p>I primi lo chiamano&nbsp; &#8220;Rebi &#8220;. Arriva a Rovigo nel maggio del 1935. Lo porta da Padova, dove studiava&nbsp; medicina, <strong>Davide Lanzoni<\/strong>. Scende dal treno nelle prime ore del pomeriggio. Ha&nbsp; con s\u00e9 uno strano involucro che tiene sotto un&#8217;ascella. Esce in fretta dalla stazione cittadina ed arriva al campo comunale. Fuori dal campo, vicino al muro di cinta, lo aspettano gli amici. Arriva, apre l&#8217;involucro ed appare un malandato pallone da rugby, forse il primo a Rovigo, lancia la palla e scoppia una passione. Quel gesto \u00e8 l&#8217;atto di nascita del <strong>Rugby Rovigo<\/strong>, dodici volte campione d&#8217;Italia.<\/p>\n\n\n\n<p>&nbsp; Cinque mesi prima Davide era a Padova, matricola alla facolt\u00e0 di medicina. Conobbe il rugby giocando con il GUF (giovani universitari fascisti) e nel giugno del 1935 si svolse la prima partita del Rovigo proprio con il \u201cGUF Padova\u201d. Fu una brutta sconfitta : 34 a 6, ma il seme fu gettato. Davide andr\u00e0 poi a Roma 15 giorni per un corso allenatori, diretto dal grande <strong>Julien Saby<\/strong>, successivamente allenatore proprio del Rovigo.<\/p>\n\n\n\n<p>Cinquant\u2019anni sono passati da quel giorno di maggio, e&nbsp; tanti sono stati gli atleti che hanno contribuito, ognuno nelle sue possibilit\u00e0, a rendere grande questa societ\u00e0. E ora molti di loro continuano a giocare con&nbsp;&nbsp; <strong>I Veci del Rugby Rovigo<\/strong>, all\u2019insegna di una passione che non conosce et\u00e0.<\/p>\n\n\n\n<p>&nbsp; I primi gruppi <strong>\u201cOld Rugby\u201d <\/strong>nascono in Italia a met\u00e0 degli anni ottanta. Un po&#8217;&nbsp;per sport, un po&#8217; per nostalgia, un po&#8217; per amicizia e forse anche perch\u00e9 dopo tanti anni passati a giocare con l&#8217;angoscia del risultato ci si pu\u00f2 finalmente trovare in campo per divertirsi senza pensare al punteggio.&nbsp;E&#8217; cosi nel 1986, in occasione del primo torneo organizzato dai <strong>Veci del Treviso<\/strong>, ha inizio la storia dell\u2019associazione sportiva &#8220;I Veci del Rugby Rovigo &#8220;. Si acquistano le prime maglie rossobl\u00f9 e si partecipa ai pochi tornei che ci sono in Veneto riservati ai vecchi giocatori di rugby. Da subito ci si rende conto che per far crescere questa nuova realt\u00e0 \u00e8 necessario dare vita a qualche nuova iniziativa anche a Rovigo. E cos\u00ec nell\u2019Ottobre del 1992, in concomitanza con la tradizionale &#8221; Fiera di Rovigo &#8220;, si organizza il primo torneo a quattro squadre al quale partecipano, oltre ai Veci del Rovigo, i Petrarchi di Padova, i Veci del Treviso ed i Veci del Verona. In tale occasione, si stabilisce per la prima volta che nei tornei Old non ci dovevano essere n\u00e8 vincitori n\u00e8 vinti. Il tutto doveva avvenire per puro divertimento dimenticando ogni pulsione agonistica.<\/p>\n\n\n\n<p>\u00a0Da allora, noi Veci del Rovigo, non ci siamo pi\u00f9 fermati, organizzando in Rovigo tornei sempre pi\u00f9 importanti e partecipando a numerose manifestazioni in Italia e all\u2019estero.<\/p>\n\n\n\n<p>&nbsp; Questo sport \u00e8 peggio di un virus. Ti entra dentro non riesci pi\u00f9 a liberartene.&nbsp;E&#8217; sicuramente una grande scuola di vita che si radica in noi e ci mantiene giovani nella mente, nel fisico e nello spirito. Ed anche se ormai i movimenti non sono pi\u00f9 veloci e rapidi come una volta, nei nostri cuori e nella nostra mente riviviamo i bei momenti di un tempo fatti di difficolt\u00e0, sacrifici, lotte ma anche di grandissime soddisfazioni. Non dimentichiamo che tutto ci\u00f2 \u00e8 reso possibile anche grazie alla ottima collaborazione con la <strong>S.S.Rugby Rovigo<\/strong> e con la <strong>Monti Rugby Rovigo<\/strong> che hanno sempre collaborato attivamente concedendo i campi&nbsp;e gli spogliatoi dello stadio \u201cBattaglini\u201d.&nbsp;<\/p>\n\n\n\n<p>\u00a0 Continuare con il rugby non \u00e8 per\u00f2 l\u2019unica finalit\u00e0 dell\u2019associazione \u201cI Veci del Rugby Rovigo\u201d che insieme all\u2019associazione di volontariato onlus <strong>\u201cRovigo Per\u201d <\/strong>si \u00e8 attivata nell\u2019aiuto a persone meno fortunate negli angoli pi\u00f9 remoti del mondo. Recentemente abbiamo devoluto\u00a0oltre 6.000 euro ad un missionario italiano che opera in Per\u00f9, realizzando un acquedotto importantissimo per la popolazione locale che ne era completamente priva. Oltre a questo sono state donate altre somme per numerose iniziative umanitarie, con l\u2019adozione a distanza di diversi bambini.\u00a0<\/p>\n\n\n\n<p>Tutt&#8217;ora l&#8217;impegno sociale dei veci persiste con varie attivit\u00e0 a scopo benefico anche fuori dal campo.<\/p>\n\n\n\n<p><\/p>\n","protected":false},"excerpt":{"rendered":"<p>I primi lo chiamano&nbsp; &#8220;Rebi &#8220;. Arriva a Rovigo nel maggio del 1935. Lo porta da Padova, dove studiava&nbsp; medicina, Davide Lanzoni. Scende dal treno nelle prime ore del pomeriggio. Ha&nbsp; con s\u00e9 uno strano involucro che tiene sotto un&#8217;ascella. Esce in fretta dalla stazione cittadina ed arriva al campo comunale. Fuori dal campo, vicino &hellip; <\/p>\n<p class=\"link-more\"><a href=\"https:\/\/www.oldrugbyrovigo.it\/wpsite\/la-nostra-storia\/\" class=\"more-link\">Read More<span class=\"screen-reader-text\"> &#8220;La Nostra Storia&#8221;<\/span><\/a><\/p>\n","protected":false},"author":1,"featured_media":0,"parent":0,"menu_order":0,"comment_status":"closed","ping_status":"closed","template":"","meta":{"footnotes":""},"_links":{"self":[{"href":"https:\/\/www.oldrugbyrovigo.it\/wpsite\/wp-json\/wp\/v2\/pages\/20"}],"collection":[{"href":"https:\/\/www.oldrugbyrovigo.it\/wpsite\/wp-json\/wp\/v2\/pages"}],"about":[{"href":"https:\/\/www.oldrugbyrovigo.it\/wpsite\/wp-json\/wp\/v2\/types\/page"}],"author":[{"embeddable":true,"href":"https:\/\/www.oldrugbyrovigo.it\/wpsite\/wp-json\/wp\/v2\/users\/1"}],"replies":[{"embeddable":true,"href":"https:\/\/www.oldrugbyrovigo.it\/wpsite\/wp-json\/wp\/v2\/comments?post=20"}],"version-history":[{"count":1,"href":"https:\/\/www.oldrugbyrovigo.it\/wpsite\/wp-json\/wp\/v2\/pages\/20\/revisions"}],"predecessor-version":[{"id":21,"href":"https:\/\/www.oldrugbyrovigo.it\/wpsite\/wp-json\/wp\/v2\/pages\/20\/revisions\/21"}],"wp:attachment":[{"href":"https:\/\/www.oldrugbyrovigo.it\/wpsite\/wp-json\/wp\/v2\/media?parent=20"}],"curies":[{"name":"wp","href":"https:\/\/api.w.org\/{rel}","templated":true}]}}